{"id":850,"date":"2018-11-29T08:29:21","date_gmt":"2018-11-29T07:29:21","guid":{"rendered":"http:\/\/fence2go.eu\/?page_id=850"},"modified":"2018-12-07T09:20:04","modified_gmt":"2018-12-07T08:20:04","slug":"portes-pivotantes-style","status":"publish","type":"page","link":"https:\/\/fence2go.eu\/index.php\/portes-pivotantes\/portes-pivotantes-style\/","title":{"rendered":"Portes pivotantes Style."},"content":{"rendered":"<p>Noblesse de la ligne. La gamme Style se compose de 13 mod\u00e8les de <strong>portes pivotantes<\/strong> diff\u00e9rents et se caract\u00e9rise par une gr\u00e2ce qui permet de les identifier au premier regard.<\/p>\n<p>Les <strong>portes pivotantes<\/strong> Style sont constitu\u00e9es de barres en acier de section 12\u00d712 mm et diff\u00e9rents types de pointes.<\/p>\n<p><img loading=\"lazy\" class=\"alignnone size-medium wp-image-1444\" src=\"http:\/\/fence2go.eu\/wp-content\/uploads\/2018\/12\/Barreaudage-Style-300x184-300x184.jpg\" alt=\"\" width=\"300\" height=\"184\" \/><\/p>\n<p><img loading=\"lazy\" class=\"alignnone size-medium wp-image-324\" src=\"http:\/\/fence2go.eu\/wp-content\/uploads\/2018\/11\/Pointes-Top-pour-barreaudage-Style-300x80.jpg\" alt=\"\" width=\"300\" height=\"80\" srcset=\"https:\/\/fence2go.eu\/wp-content\/uploads\/2018\/11\/Pointes-Top-pour-barreaudage-Style-300x80.jpg 300w, https:\/\/fence2go.eu\/wp-content\/uploads\/2018\/11\/Pointes-Top-pour-barreaudage-Style-768x204.jpg 768w, https:\/\/fence2go.eu\/wp-content\/uploads\/2018\/11\/Pointes-Top-pour-barreaudage-Style.jpg 825w\" sizes=\"(max-width: 300px) 100vw, 300px\" \/><\/p>\n<figure id=\"attachment_857\" aria-describedby=\"caption-attachment-857\" style=\"width: 150px\" class=\"wp-caption aligncenter\"><a href=\"http:\/\/fence2go.eu\/index.php\/portes-pivotantes\/portes-pivotantes-style\/portes-pivotantes-style-aw-10-07\/\"><img loading=\"lazy\" class=\"wp-image-857 size-thumbnail\" src=\"http:\/\/fence2go.eu\/wp-content\/uploads\/2018\/11\/Portail-pivotant-Style-AW.10.07-150x150.jpg\" alt=\"\" width=\"150\" height=\"150\" \/><\/a><figcaption id=\"caption-attachment-857\" class=\"wp-caption-text\">Style AW.10.07<\/figcaption><\/figure>\n<figure id=\"attachment_860\" aria-describedby=\"caption-attachment-860\" style=\"width: 150px\" class=\"wp-caption aligncenter\"><a href=\"http:\/\/fence2go.eu\/index.php\/portes-pivotantes\/portes-pivotantes-style\/portail-pivotant-style-aw-10-08\/\"><img loading=\"lazy\" class=\"wp-image-860 size-thumbnail\" src=\"http:\/\/fence2go.eu\/wp-content\/uploads\/2018\/11\/Portail-pivotant-Style-AW.10.08-150x150.jpg\" alt=\"\" width=\"150\" height=\"150\" \/><\/a><figcaption id=\"caption-attachment-860\" class=\"wp-caption-text\">Style AW.10.08<\/figcaption><\/figure>\n<figure id=\"attachment_864\" aria-describedby=\"caption-attachment-864\" style=\"width: 150px\" class=\"wp-caption aligncenter\"><a href=\"http:\/\/fence2go.eu\/index.php\/portes-pivotantes\/portes-pivotantes-style\/portes-pivotantes-style-aw-10-09\/\"><img loading=\"lazy\" class=\"wp-image-864 size-thumbnail\" src=\"http:\/\/fence2go.eu\/wp-content\/uploads\/2018\/11\/Portail-pivotant-Style-AW.10.09-150x150.jpg\" alt=\"\" width=\"150\" height=\"150\" \/><\/a><figcaption id=\"caption-attachment-864\" class=\"wp-caption-text\">Style AW.10.09<\/figcaption><\/figure>\n<figure id=\"attachment_871\" aria-describedby=\"caption-attachment-871\" style=\"width: 150px\" class=\"wp-caption aligncenter\"><a href=\"fence2go.eu\/index.php\/portes-pivotantes\/portes-pivotantes-style\/portes-pivotantes-style-aw-10-14\/\"><img loading=\"lazy\" class=\"wp-image-871 size-thumbnail\" src=\"http:\/\/fence2go.eu\/wp-content\/uploads\/2018\/11\/Portail-pivotant-Style-AW.10.12-150x150.jpg\" alt=\"\" width=\"150\" height=\"150\" \/><\/a><figcaption id=\"caption-attachment-871\" class=\"wp-caption-text\">AW.10.12<\/figcaption><\/figure>\n<figure id=\"attachment_1508\" aria-describedby=\"caption-attachment-1508\" style=\"width: 150px\" class=\"wp-caption aligncenter\"><a href=\"http:\/\/fence2go.eu\/index.php\/portes-pivotantes\/portes-pivotantes-style\/portes-pivotantes-style-aw-10-14-2\/\"><img loading=\"lazy\" class=\"wp-image-1508 size-thumbnail\" src=\"http:\/\/fence2go.eu\/wp-content\/uploads\/2018\/12\/Portail-pivotant-Style-AW.10.14-150x150.jpg\" alt=\"\" width=\"150\" height=\"150\" \/><\/a><figcaption id=\"caption-attachment-1508\" class=\"wp-caption-text\">Style AW.10.14<\/figcaption><\/figure>\n<figure id=\"attachment_878\" aria-describedby=\"caption-attachment-878\" style=\"width: 150px\" class=\"wp-caption aligncenter\"><a href=\"http:\/\/fence2go.eu\/index.php\/portes-pivotantes\/portes-pivotantes-style\/portes-pivotantes-style-aw-10-15\/\"><img loading=\"lazy\" class=\"wp-image-878 size-thumbnail\" src=\"http:\/\/fence2go.eu\/wp-content\/uploads\/2018\/11\/Portail-pivotant-Style-AW.10.15-150x150.jpg\" alt=\"\" width=\"150\" height=\"150\" \/><\/a><figcaption id=\"caption-attachment-878\" class=\"wp-caption-text\">AW.10.15<\/figcaption><\/figure>\n<figure id=\"attachment_882\" aria-describedby=\"caption-attachment-882\" style=\"width: 150px\" class=\"wp-caption aligncenter\"><a href=\"http:\/\/fence2go.eu\/index.php\/portes-pivotantes\/portes-pivotantes-style\/portes-pivotantes-style-aw-10-20\/\"><img loading=\"lazy\" class=\"wp-image-882 size-thumbnail\" src=\"http:\/\/fence2go.eu\/wp-content\/uploads\/2018\/11\/Portail-pivotant-Style-AW.10.20-150x150.jpg\" alt=\"\" width=\"150\" height=\"150\" \/><\/a><figcaption id=\"caption-attachment-882\" class=\"wp-caption-text\">Style AW.10.20<\/figcaption><\/figure>\n<figure id=\"attachment_886\" aria-describedby=\"caption-attachment-886\" style=\"width: 150px\" class=\"wp-caption aligncenter\"><a href=\"http:\/\/fence2go.eu\/index.php\/portes-pivotantes\/portes-pivotantes-style\/portes-pivotantes-style-aw-10-21\/\"><img loading=\"lazy\" class=\"wp-image-886 size-thumbnail\" src=\"http:\/\/fence2go.eu\/wp-content\/uploads\/2018\/11\/Portail-pivotant-Style-AW.10.21-150x150.jpg\" alt=\"\" width=\"150\" height=\"150\" \/><\/a><figcaption id=\"caption-attachment-886\" class=\"wp-caption-text\">Style AW.10.21<\/figcaption><\/figure>\n<figure id=\"attachment_890\" aria-describedby=\"caption-attachment-890\" style=\"width: 150px\" class=\"wp-caption aligncenter\"><a href=\"http:\/\/fence2go.eu\/index.php\/portes-pivotantes\/portes-pivotantes-style\/portes-pivotantes-style-aw-10-22\/\"><img loading=\"lazy\" class=\"wp-image-890 size-thumbnail\" src=\"http:\/\/fence2go.eu\/wp-content\/uploads\/2018\/11\/Portail-pivotant-Style-AW.10.22-150x150.jpg\" alt=\"\" width=\"150\" height=\"150\" \/><\/a><figcaption id=\"caption-attachment-890\" class=\"wp-caption-text\">Style AW.10.22<\/figcaption><\/figure>\n<figure id=\"attachment_893\" aria-describedby=\"caption-attachment-893\" style=\"width: 150px\" class=\"wp-caption aligncenter\"><a href=\"http:\/\/fence2go.eu\/index.php\/portes-pivotantes\/portes-pivotantes-style\/portes-pivotantes-style-aw-10-23\/\"><img loading=\"lazy\" class=\"wp-image-893 size-thumbnail\" src=\"http:\/\/fence2go.eu\/wp-content\/uploads\/2018\/11\/Portail-pivotant-Style-AW.10.23-150x150.jpg\" alt=\"\" width=\"150\" height=\"150\" \/><\/a><figcaption id=\"caption-attachment-893\" class=\"wp-caption-text\">Style AW.10.23<\/figcaption><\/figure>\n<figure id=\"attachment_898\" aria-describedby=\"caption-attachment-898\" style=\"width: 150px\" class=\"wp-caption aligncenter\"><a href=\"http:\/\/fence2go.eu\/index.php\/portes-pivotantes\/portes-pivotantes-style\/portes-pivotantes-style-aw-10-24\/\"><img loading=\"lazy\" class=\"wp-image-898 size-thumbnail\" src=\"http:\/\/fence2go.eu\/wp-content\/uploads\/2018\/11\/Portail-pivotant-Style-AW.10.24-150x150.jpg\" alt=\"\" width=\"150\" height=\"150\" \/><\/a><figcaption id=\"caption-attachment-898\" class=\"wp-caption-text\">Style AW.10.24<\/figcaption><\/figure>\n<figure id=\"attachment_903\" aria-describedby=\"caption-attachment-903\" style=\"width: 150px\" class=\"wp-caption aligncenter\"><a href=\"http:\/\/fence2go.eu\/index.php\/portes-pivotantes\/portes-pivotantes-style\/portes-pivotantes-style-aw-10-25\/\"><img loading=\"lazy\" class=\"wp-image-903 size-thumbnail\" src=\"http:\/\/fence2go.eu\/wp-content\/uploads\/2018\/11\/Portail-pivotant-Style-AW.10.25-150x150.jpg\" alt=\"\" width=\"150\" height=\"150\" \/><\/a><figcaption id=\"caption-attachment-903\" class=\"wp-caption-text\">Style AW.10.25<\/figcaption><\/figure>\n<figure id=\"attachment_906\" aria-describedby=\"caption-attachment-906\" style=\"width: 150px\" class=\"wp-caption aligncenter\"><a href=\"http:\/\/fence2go.eu\/index.php\/portes-pivotantes\/portes-pivotantes-style\/portes-pivotantes-style-aw-10-26\/\"><img loading=\"lazy\" class=\"wp-image-906 size-thumbnail\" src=\"http:\/\/fence2go.eu\/wp-content\/uploads\/2018\/11\/Portail-pivotant-Style-AW.10.26-150x150.jpg\" alt=\"\" width=\"150\" height=\"150\" \/><\/a><figcaption id=\"caption-attachment-906\" class=\"wp-caption-text\">Style AW.10.26<\/figcaption><\/figure>\n","protected":false},"excerpt":{"rendered":"<p>Noblesse de la ligne. La gamme Style se compose de 13 mod\u00e8les de portes pivotantes diff\u00e9rents et se caract\u00e9rise par une gr\u00e2ce qui permet de les identifier au premier regard. Les portes pivotantes Style sont constitu\u00e9es de barres en acier de section 12\u00d712 mm et diff\u00e9rents types de pointes.<\/p>\n","protected":false},"author":2,"featured_media":0,"parent":38,"menu_order":3,"comment_status":"closed","ping_status":"closed","template":"","meta":{"ngg_post_thumbnail":0},"_links":{"self":[{"href":"https:\/\/fence2go.eu\/index.php\/wp-json\/wp\/v2\/pages\/850"}],"collection":[{"href":"https:\/\/fence2go.eu\/index.php\/wp-json\/wp\/v2\/pages"}],"about":[{"href":"https:\/\/fence2go.eu\/index.php\/wp-json\/wp\/v2\/types\/page"}],"author":[{"embeddable":true,"href":"https:\/\/fence2go.eu\/index.php\/wp-json\/wp\/v2\/users\/2"}],"replies":[{"embeddable":true,"href":"https:\/\/fence2go.eu\/index.php\/wp-json\/wp\/v2\/comments?post=850"}],"version-history":[{"count":6,"href":"https:\/\/fence2go.eu\/index.php\/wp-json\/wp\/v2\/pages\/850\/revisions"}],"predecessor-version":[{"id":1679,"href":"https:\/\/fence2go.eu\/index.php\/wp-json\/wp\/v2\/pages\/850\/revisions\/1679"}],"up":[{"embeddable":true,"href":"https:\/\/fence2go.eu\/index.php\/wp-json\/wp\/v2\/pages\/38"}],"wp:attachment":[{"href":"https:\/\/fence2go.eu\/index.php\/wp-json\/wp\/v2\/media?parent=850"}],"curies":[{"name":"wp","href":"https:\/\/api.w.org\/{rel}","templated":true}]}}