{"id":935,"date":"2018-11-29T14:04:13","date_gmt":"2018-11-29T13:04:13","guid":{"rendered":"http:\/\/fence2go.eu\/?page_id=935"},"modified":"2018-12-14T12:59:43","modified_gmt":"2018-12-14T11:59:43","slug":"portes-pivotantes-premium-aw-10-68","status":"publish","type":"page","link":"https:\/\/fence2go.eu\/index.php\/portes-pivotantes\/portes-pivotantes-premium\/portes-pivotantes-premium-aw-10-68\/","title":{"rendered":"Portes pivotantes Premium AW.10.68."},"content":{"rendered":"<p><img loading=\"lazy\" class=\"size-medium wp-image-924 alignleft\" src=\"http:\/\/fence2go.eu\/wp-content\/uploads\/2018\/11\/Portail-pivotant-Premium-10.68-300x159.jpg\" alt=\"\" width=\"300\" height=\"159\" srcset=\"https:\/\/fence2go.eu\/wp-content\/uploads\/2018\/11\/Portail-pivotant-Premium-10.68-300x159.jpg 300w, https:\/\/fence2go.eu\/wp-content\/uploads\/2018\/11\/Portail-pivotant-Premium-10.68.jpg 306w\" sizes=\"(max-width: 300px) 100vw, 300px\" \/>Cadre 60&#215;60 mm<br \/>\nHabillage en carr\u00e9s verticaux de section 12&#215;12 mm<br \/>\nLes barreaux sont termin\u00e9s en pointes boules<br \/>\nLe panneau est arrondi en partie sup\u00e9rieure<br \/>\nEspace de 100 mm entre le soubassement et le sol<br \/>\nPoteaux carr\u00e9s \u00e0 b\u00e9tonner \u00e0 une profondeur de 600 mm<br \/>\nPlatines disponibles en option, sauf pour poteaux de 160x160x4 mm<br \/>\nSerrure int\u00e9gr\u00e9e, livr\u00e9e avec 3 cl\u00e9s<br \/>\nFinition galvanis\u00e9e et plastifi\u00e9e<\/p>\n<p>Hauteurs standard pos\u00e9es (incluant 100 mm de jeu sous le panneau) : 1100, 1300, 1550 et 1850 mm.<\/p>\n<p>&nbsp;<\/p>\n<p>Disponible uniquement en version sup\u00e9rieure droite, concave et convexe.<\/p>\n<p>Couleurs standard : bleu gentiane RAL 5010 mat, vert mousse RAL 6005 mat, gris anthracite RAL 7016 mat, gris pierre RAL 7030 mat, brun s\u00e9pia RAL 8014, brun gris RAL 8019, noir mat et mat structur\u00e9 RAL 9005.<\/p>\n<p>Couleurs non-standard moyennant suppl\u00e9ment : rouge vin RAL 3005 mat, gris fen\u00eatre RAL 7040 mat, brun chocolat RAL 8017 mat et blanc RAL 9016 mat.<\/p>\n<p>Couleurs non-standard issues de la gamme Home Inclusive 2.0 : HIEarth (Smoke Green, Willow Green, Fern Green, Deep Green), HISteel (True Blue, Marina Horizon, Anthracite, Modern Graphite), HIStone (Comfort Grey, Warm Stone, Quartz Grey, Brown Stone), HIRuby (Moody Coral, Flame Red, Modern Maroon, Deep Brown).<\/p>\n<p>&nbsp;<\/p>\n<figure id=\"attachment_389\" aria-describedby=\"caption-attachment-389\" style=\"width: 300px\" class=\"wp-caption aligncenter\"><a href=\"http:\/\/fence2go.eu\/index.php\/barreaudage\/barreaudage-pour-votre-domicile\/barreaudage-premium\/cloture-barreaudee-premium-aw-10-68\/\"><img loading=\"lazy\" class=\"wp-image-389 size-medium\" src=\"http:\/\/fence2go.eu\/wp-content\/uploads\/2018\/11\/Cl\u00f4ture-barreaud\u00e9e-Premium-AW.10.68-300x219.jpg\" alt=\"\" width=\"300\" height=\"219\" srcset=\"https:\/\/fence2go.eu\/wp-content\/uploads\/2018\/11\/Cl\u00f4ture-barreaud\u00e9e-Premium-AW.10.68-300x219.jpg 300w, https:\/\/fence2go.eu\/wp-content\/uploads\/2018\/11\/Cl\u00f4ture-barreaud\u00e9e-Premium-AW.10.68.jpg 301w\" sizes=\"(max-width: 300px) 100vw, 300px\" \/><\/a><figcaption id=\"caption-attachment-389\" class=\"wp-caption-text\">Cl\u00f4tures barreaud\u00e9es assorties<\/figcaption><\/figure>\n<figure id=\"attachment_1284\" aria-describedby=\"caption-attachment-1284\" style=\"width: 300px\" class=\"wp-caption aligncenter\"><a href=\"http:\/\/fence2go.eu\/index.php\/portes-coulissantes\/portes-coulissantes-autoportantes-privees\/portails-coulissants-autoportants-premium\/portail-coulissant-autoportant-premium-aw-10-68\/\"><img loading=\"lazy\" class=\"wp-image-1284 size-medium\" src=\"http:\/\/fence2go.eu\/wp-content\/uploads\/2018\/12\/Portail-coulissant-autoportant-Premium-10.68-300x76.jpg\" alt=\"\" width=\"300\" height=\"76\" srcset=\"https:\/\/fence2go.eu\/wp-content\/uploads\/2018\/12\/Portail-coulissant-autoportant-Premium-10.68-300x76.jpg 300w, https:\/\/fence2go.eu\/wp-content\/uploads\/2018\/12\/Portail-coulissant-autoportant-Premium-10.68.jpg 302w\" sizes=\"(max-width: 300px) 100vw, 300px\" \/><\/a><figcaption id=\"caption-attachment-1284\" class=\"wp-caption-text\">Portails coulissants assortis<\/figcaption><\/figure>\n","protected":false},"excerpt":{"rendered":"<p>Cadre 60&#215;60 mm Habillage en carr\u00e9s verticaux de section 12&#215;12 mm Les barreaux sont termin\u00e9s en pointes boules Le panneau est arrondi en partie sup\u00e9rieure Espace de 100 mm entre le soubassement et le sol Poteaux carr\u00e9s \u00e0 b\u00e9tonner \u00e0 une profondeur de 600 mm Platines disponibles en option, sauf pour poteaux de 160x160x4 mm [&hellip;]<\/p>\n","protected":false},"author":2,"featured_media":924,"parent":913,"menu_order":6,"comment_status":"closed","ping_status":"closed","template":"","meta":{"ngg_post_thumbnail":0},"_links":{"self":[{"href":"https:\/\/fence2go.eu\/index.php\/wp-json\/wp\/v2\/pages\/935"}],"collection":[{"href":"https:\/\/fence2go.eu\/index.php\/wp-json\/wp\/v2\/pages"}],"about":[{"href":"https:\/\/fence2go.eu\/index.php\/wp-json\/wp\/v2\/types\/page"}],"author":[{"embeddable":true,"href":"https:\/\/fence2go.eu\/index.php\/wp-json\/wp\/v2\/users\/2"}],"replies":[{"embeddable":true,"href":"https:\/\/fence2go.eu\/index.php\/wp-json\/wp\/v2\/comments?post=935"}],"version-history":[{"count":4,"href":"https:\/\/fence2go.eu\/index.php\/wp-json\/wp\/v2\/pages\/935\/revisions"}],"predecessor-version":[{"id":2520,"href":"https:\/\/fence2go.eu\/index.php\/wp-json\/wp\/v2\/pages\/935\/revisions\/2520"}],"up":[{"embeddable":true,"href":"https:\/\/fence2go.eu\/index.php\/wp-json\/wp\/v2\/pages\/913"}],"wp:featuredmedia":[{"embeddable":true,"href":"https:\/\/fence2go.eu\/index.php\/wp-json\/wp\/v2\/media\/924"}],"wp:attachment":[{"href":"https:\/\/fence2go.eu\/index.php\/wp-json\/wp\/v2\/media?parent=935"}],"curies":[{"name":"wp","href":"https:\/\/api.w.org\/{rel}","templated":true}]}}