{"id":975,"date":"2018-11-29T15:22:09","date_gmt":"2018-11-29T14:22:09","guid":{"rendered":"http:\/\/fence2go.eu\/?page_id=975"},"modified":"2018-12-14T13:32:32","modified_gmt":"2018-12-14T12:32:32","slug":"portes-pivotantes-lux-aw-10-52","status":"publish","type":"page","link":"https:\/\/fence2go.eu\/index.php\/portes-pivotantes\/portes-pivotantes-lux\/portes-pivotantes-lux-aw-10-52\/","title":{"rendered":"Portes pivotantes Lux AW.10.52."},"content":{"rendered":"<p><img loading=\"lazy\" class=\"size-full wp-image-976 alignleft\" src=\"http:\/\/fence2go.eu\/wp-content\/uploads\/2018\/11\/Portail-pivotant-Lux-AW.10.52.jpg\" alt=\"\" width=\"219\" height=\"163\" \/>Cadre 60&#215;60 mm<br \/>\nHabillage en lisses horizontales de 30&#215;5 mm, enserrant des carr\u00e9s de 14&#215;14 mm verticaux<br \/>\nMotifs d\u00e9coratifs dans le panneau<br \/>\nEspace de 100 mm entre le soubassement et le sol<br \/>\nPoteaux carr\u00e9s \u00e0 b\u00e9tonner \u00e0 une profondeur de 600 mm<br \/>\nPlatines disponibles en option, sauf pour poteaux 160x160x4 mm<br \/>\nSerrure int\u00e9gr\u00e9e, livr\u00e9e avec 3 cl\u00e9s<br \/>\nFinition galvanis\u00e9e et plastifi\u00e9e<\/p>\n<p>Largeurs standard portillons : 1000 et 1200 mm.<br \/>\nLargeurs standard portails : 3000, 3500, 4000, 4500, 5000, 5500 et 6000 mm.<\/p>\n<p>&nbsp;<\/p>\n<p>Hauteurs standard pos\u00e9es (incluant 100 mm de jeu sous le panneau) : 1100, 1300, 1550, 1850 et 2050 mm.<\/p>\n<p>&nbsp;<\/p>\n<p>Disponible en version sup\u00e9rieure droite, ainsi qu&rsquo;en balustrade.<\/p>\n<p>&nbsp;<\/p>\n<p>Couleurs standard : bleu gentiane RAL 5010 mat, vert mousse RAL 6005 mat, gris anthracite RAL 7016 mat, gris pierre RAL 7030 mat, brun s\u00e9pia RAL 8014, brun gris RAL 8019, noir mat et mat structur\u00e9 RAL 9005.<\/p>\n<p>&nbsp;<\/p>\n<p>Couleurs non-standard moyennant suppl\u00e9ment : rouge vin RAL 3005 mat, gris fen\u00eatre RAL 7040 mat, brun chocolat RAL 8017 mat et blanc RAL 9016 mat.<\/p>\n<p>&nbsp;<\/p>\n<p>Couleurs non-standard issues de la gamme Home Inclusive 2.0 : HIEarth (Smoke Green, Willow Green, Fern Green, Deep Green), HISteel (True Blue, Marina Horizon, Anthracite, Modern Graphite), HIStone (Comfort Grey, Warm Stone, Quartz Grey, Brown Stone), HIRuby (Moody Coral, Flame Red, Modern Maroon, Deep Brown).<\/p>\n<p>&nbsp;<\/p>\n<p><img loading=\"lazy\" class=\"size-medium wp-image-467 aligncenter\" src=\"http:\/\/fence2go.eu\/wp-content\/uploads\/2018\/11\/Cl\u00f4ture-barreaud\u00e9e-Lux-AW.10.52-300x187.jpg\" alt=\"\" width=\"300\" height=\"187\" srcset=\"https:\/\/fence2go.eu\/wp-content\/uploads\/2018\/11\/Cl\u00f4ture-barreaud\u00e9e-Lux-AW.10.52-300x187.jpg 300w, https:\/\/fence2go.eu\/wp-content\/uploads\/2018\/11\/Cl\u00f4ture-barreaud\u00e9e-Lux-AW.10.52-768x478.jpg 768w, https:\/\/fence2go.eu\/wp-content\/uploads\/2018\/11\/Cl\u00f4ture-barreaud\u00e9e-Lux-AW.10.52.jpg 878w\" sizes=\"(max-width: 300px) 100vw, 300px\" \/><\/p>\n<figure id=\"attachment_435\" aria-describedby=\"caption-attachment-435\" style=\"width: 300px\" class=\"wp-caption aligncenter\"><a href=\"http:\/\/fence2go.eu\/index.php\/barreaudage\/barreaudage-pour-votre-domicile\/cloture-barreaudee-lux\/cloture-barreaudee-lux-aw-10-52\/\"><img loading=\"lazy\" class=\"wp-image-435 size-medium\" src=\"http:\/\/fence2go.eu\/wp-content\/uploads\/2018\/11\/Cl\u00f4ture-barreaud\u00e9e-Lux-10.52-300x144.jpg\" alt=\"\" width=\"300\" height=\"144\" srcset=\"https:\/\/fence2go.eu\/wp-content\/uploads\/2018\/11\/Cl\u00f4ture-barreaud\u00e9e-Lux-10.52-300x144.jpg 300w, https:\/\/fence2go.eu\/wp-content\/uploads\/2018\/11\/Cl\u00f4ture-barreaud\u00e9e-Lux-10.52.jpg 312w\" sizes=\"(max-width: 300px) 100vw, 300px\" \/><\/a><figcaption id=\"caption-attachment-435\" class=\"wp-caption-text\">Cl\u00f4tures barreaud\u00e9es assorties<\/figcaption><\/figure>\n<figure id=\"attachment_1318\" aria-describedby=\"caption-attachment-1318\" style=\"width: 278px\" class=\"wp-caption aligncenter\"><a href=\"http:\/\/fence2go.eu\/index.php\/portes-coulissantes\/portes-coulissantes-autoportantes-privees\/portails-coulissants-autoportants-lux\/portail-coulissant-autoportant-lux-aw-10-52\/\"><img loading=\"lazy\" class=\"wp-image-1318 size-full\" src=\"http:\/\/fence2go.eu\/wp-content\/uploads\/2018\/12\/Portail-coulissant-autoportant-Lux-10.52.jpg\" alt=\"\" width=\"278\" height=\"76\" \/><\/a><figcaption id=\"caption-attachment-1318\" class=\"wp-caption-text\">Portails coulissants assortis<\/figcaption><\/figure>\n","protected":false},"excerpt":{"rendered":"<p>Cadre 60&#215;60 mm Habillage en lisses horizontales de 30&#215;5 mm, enserrant des carr\u00e9s de 14&#215;14 mm verticaux Motifs d\u00e9coratifs dans le panneau Espace de 100 mm entre le soubassement et le sol Poteaux carr\u00e9s \u00e0 b\u00e9tonner \u00e0 une profondeur de 600 mm Platines disponibles en option, sauf pour poteaux 160x160x4 mm Serrure int\u00e9gr\u00e9e, livr\u00e9e avec [&hellip;]<\/p>\n","protected":false},"author":2,"featured_media":976,"parent":942,"menu_order":9,"comment_status":"closed","ping_status":"closed","template":"","meta":{"ngg_post_thumbnail":0},"_links":{"self":[{"href":"https:\/\/fence2go.eu\/index.php\/wp-json\/wp\/v2\/pages\/975"}],"collection":[{"href":"https:\/\/fence2go.eu\/index.php\/wp-json\/wp\/v2\/pages"}],"about":[{"href":"https:\/\/fence2go.eu\/index.php\/wp-json\/wp\/v2\/types\/page"}],"author":[{"embeddable":true,"href":"https:\/\/fence2go.eu\/index.php\/wp-json\/wp\/v2\/users\/2"}],"replies":[{"embeddable":true,"href":"https:\/\/fence2go.eu\/index.php\/wp-json\/wp\/v2\/comments?post=975"}],"version-history":[{"count":4,"href":"https:\/\/fence2go.eu\/index.php\/wp-json\/wp\/v2\/pages\/975\/revisions"}],"predecessor-version":[{"id":2530,"href":"https:\/\/fence2go.eu\/index.php\/wp-json\/wp\/v2\/pages\/975\/revisions\/2530"}],"up":[{"embeddable":true,"href":"https:\/\/fence2go.eu\/index.php\/wp-json\/wp\/v2\/pages\/942"}],"wp:featuredmedia":[{"embeddable":true,"href":"https:\/\/fence2go.eu\/index.php\/wp-json\/wp\/v2\/media\/976"}],"wp:attachment":[{"href":"https:\/\/fence2go.eu\/index.php\/wp-json\/wp\/v2\/media?parent=975"}],"curies":[{"name":"wp","href":"https:\/\/api.w.org\/{rel}","templated":true}]}}