{"id":987,"date":"2018-11-29T15:40:08","date_gmt":"2018-11-29T14:40:08","guid":{"rendered":"http:\/\/fence2go.eu\/?page_id=987"},"modified":"2018-12-14T13:34:54","modified_gmt":"2018-12-14T12:34:54","slug":"portes-pivotantes-lux-aw-10-56","status":"publish","type":"page","link":"https:\/\/fence2go.eu\/index.php\/portes-pivotantes\/portes-pivotantes-lux\/portes-pivotantes-lux-aw-10-56\/","title":{"rendered":"Portes pivotantes Lux AW.10.56."},"content":{"rendered":"<p><img loading=\"lazy\" class=\"size-full wp-image-988 alignleft\" src=\"http:\/\/fence2go.eu\/wp-content\/uploads\/2018\/11\/Portail-pivotant-Lux-AW.10.56.jpg\" alt=\"\" width=\"276\" height=\"161\" \/>Cadre 60&#215;60 mm<br \/>\nHabillage en lisses horizontales de 30&#215;5 mm<br \/>\nenserrant des carr\u00e9s de 14&#215;14 mm verticaux<br \/>\nMotif d\u00e9coratif sur le panneau<br \/>\nEspace de 100 mm entre le soubassement et le sol<br \/>\nPoteaux carr\u00e9s \u00e0 b\u00e9tonner \u00e0 une profondeur de 600 mm<br \/>\nPlatines disponibles en option, sauf pour poteaux de 160x160x4 mm<br \/>\nSerrure Locinox, livr\u00e9e avec 3 cl\u00e9s<br \/>\nFinition galvanis\u00e9e et plastifi\u00e9e<\/p>\n<p>&nbsp;<\/p>\n<p>Largeurs standard portillons : 1000 et 1200 mm.<br \/>\nLargeurs standard portails : 3000, 3500, 4000, 4500, 5000, 5500 et 6000 mm.<\/p>\n<p>&nbsp;<\/p>\n<p>Hauteurs standard pos\u00e9es (incluant 100 mm de jeu sous le panneau) : 1100, 1300, 1550, 1850 et 2050 mm.<\/p>\n<p>&nbsp;<\/p>\n<p>Disponible en version sup\u00e9rieure droite et convexe, ainsi qu&rsquo;en balustrade.<\/p>\n<p>&nbsp;<\/p>\n<p>Sur les mod\u00e8les Lux AW.10.56, AW.10.57 et AW.10.59 de cette gamme, il est possible d\u2019ajouter en option de 1 \u00e0 3 lettres (ou chiffres), qui seront int\u00e9gr\u00e9s dans l\u2019\u00e9l\u00e9ment ovale.<\/p>\n<p><img loading=\"lazy\" class=\"alignnone size-medium wp-image-568\" src=\"http:\/\/fence2go.eu\/wp-content\/uploads\/2018\/11\/Motif-barreaudage-Lux-02-199x300.jpg\" alt=\"\" width=\"199\" height=\"300\" srcset=\"https:\/\/fence2go.eu\/wp-content\/uploads\/2018\/11\/Motif-barreaudage-Lux-02-199x300.jpg 199w, https:\/\/fence2go.eu\/wp-content\/uploads\/2018\/11\/Motif-barreaudage-Lux-02.jpg 332w\" sizes=\"(max-width: 199px) 100vw, 199px\" \/><\/p>\n<p>Le portail \u00e0 2 battants Lux AW.10.56 est disponible avec un arc de 150 ou 350 mm. Nous recommandons la variante avec un arc de 350 mm et une hauteur de portail sup\u00e9rieure de 200 mm par rapport \u00e0 la ligne de cl\u00f4ture.<\/p>\n<p>&nbsp;<\/p>\n<p>Couleurs standard : bleu gentiane RAL 5010 mat, vert mousse RAL 6005 mat, gris anthracite RAL 7016 mat, gris pierre RAL 7030 mat, brun s\u00e9pia RAL 8014, brun gris RAL 8019, noir mat et mat structur\u00e9 RAL 9005.<\/p>\n<p>&nbsp;<\/p>\n<p>Couleurs non-standard moyennant suppl\u00e9ment : rouge vin RAL 3005 mat, gris fen\u00eatre RAL 7040 mat, brun chocolat RAL 8017 mat et blanc RAL 9016 mat.<\/p>\n<p>&nbsp;<\/p>\n<p>Couleurs non-standard issues de la gamme Home Inclusive 2.0 : HIEarth (Smoke Green, Willow Green, Fern Green, Deep Green), HISteel (True Blue, Marina Horizon, Anthracite, Modern Graphite), HIStone (Comfort Grey, Warm Stone, Quartz Grey, Brown Stone), HIRuby (Moody Coral, Flame Red, Modern Maroon, Deep Brown).<\/p>\n<p>&nbsp;<\/p>\n<p><img loading=\"lazy\" class=\"alignnone size-medium wp-image-319\" src=\"http:\/\/fence2go.eu\/wp-content\/uploads\/2018\/11\/Coulissant-autoportant-Lux-AW.10.56-2-300x169.jpg\" alt=\"\" width=\"300\" height=\"169\" srcset=\"https:\/\/fence2go.eu\/wp-content\/uploads\/2018\/11\/Coulissant-autoportant-Lux-AW.10.56-2-300x169.jpg 300w, https:\/\/fence2go.eu\/wp-content\/uploads\/2018\/11\/Coulissant-autoportant-Lux-AW.10.56-2-768x431.jpg 768w, https:\/\/fence2go.eu\/wp-content\/uploads\/2018\/11\/Coulissant-autoportant-Lux-AW.10.56-2-1024x575.jpg 1024w\" sizes=\"(max-width: 300px) 100vw, 300px\" \/><\/p>\n<figure id=\"attachment_438\" aria-describedby=\"caption-attachment-438\" style=\"width: 300px\" class=\"wp-caption aligncenter\"><a href=\"http:\/\/fence2go.eu\/index.php\/barreaudage\/barreaudage-pour-votre-domicile\/cloture-barreaudee-lux\/cloture-barreaudee-lux-aw-10-56-2\/\"><img loading=\"lazy\" class=\"wp-image-438 size-medium\" src=\"http:\/\/fence2go.eu\/wp-content\/uploads\/2018\/11\/Cl\u00f4ture-barreaud\u00e9e-Lux-10.56-300x145.jpg\" alt=\"\" width=\"300\" height=\"145\" srcset=\"https:\/\/fence2go.eu\/wp-content\/uploads\/2018\/11\/Cl\u00f4ture-barreaud\u00e9e-Lux-10.56-300x145.jpg 300w, https:\/\/fence2go.eu\/wp-content\/uploads\/2018\/11\/Cl\u00f4ture-barreaud\u00e9e-Lux-10.56.jpg 329w\" sizes=\"(max-width: 300px) 100vw, 300px\" \/><\/a><figcaption id=\"caption-attachment-438\" class=\"wp-caption-text\">Cl\u00f4tures barreaud\u00e9es assorties<\/figcaption><\/figure>\n<figure id=\"attachment_1329\" aria-describedby=\"caption-attachment-1329\" style=\"width: 278px\" class=\"wp-caption aligncenter\"><a href=\"http:\/\/fence2go.eu\/index.php\/portes-coulissantes\/portes-coulissantes-autoportantes-privees\/portails-coulissants-autoportants-lux\/portail-coulissant-autoportant-lux-aw-10-56\/\"><img loading=\"lazy\" class=\"wp-image-1329 size-full\" src=\"http:\/\/fence2go.eu\/wp-content\/uploads\/2018\/12\/Portail-coulissant-autoportant-Lux-10.56.jpg\" alt=\"\" width=\"278\" height=\"84\" \/><\/a><figcaption id=\"caption-attachment-1329\" class=\"wp-caption-text\">Portails coulissants assortis<\/figcaption><\/figure>\n","protected":false},"excerpt":{"rendered":"<p>Cadre 60&#215;60 mm Habillage en lisses horizontales de 30&#215;5 mm enserrant des carr\u00e9s de 14&#215;14 mm verticaux Motif d\u00e9coratif sur le panneau Espace de 100 mm entre le soubassement et le sol Poteaux carr\u00e9s \u00e0 b\u00e9tonner \u00e0 une profondeur de 600 mm Platines disponibles en option, sauf pour poteaux de 160x160x4 mm Serrure Locinox, livr\u00e9e [&hellip;]<\/p>\n","protected":false},"author":2,"featured_media":988,"parent":942,"menu_order":12,"comment_status":"closed","ping_status":"closed","template":"","meta":{"ngg_post_thumbnail":0},"_links":{"self":[{"href":"https:\/\/fence2go.eu\/index.php\/wp-json\/wp\/v2\/pages\/987"}],"collection":[{"href":"https:\/\/fence2go.eu\/index.php\/wp-json\/wp\/v2\/pages"}],"about":[{"href":"https:\/\/fence2go.eu\/index.php\/wp-json\/wp\/v2\/types\/page"}],"author":[{"embeddable":true,"href":"https:\/\/fence2go.eu\/index.php\/wp-json\/wp\/v2\/users\/2"}],"replies":[{"embeddable":true,"href":"https:\/\/fence2go.eu\/index.php\/wp-json\/wp\/v2\/comments?post=987"}],"version-history":[{"count":7,"href":"https:\/\/fence2go.eu\/index.php\/wp-json\/wp\/v2\/pages\/987\/revisions"}],"predecessor-version":[{"id":2532,"href":"https:\/\/fence2go.eu\/index.php\/wp-json\/wp\/v2\/pages\/987\/revisions\/2532"}],"up":[{"embeddable":true,"href":"https:\/\/fence2go.eu\/index.php\/wp-json\/wp\/v2\/pages\/942"}],"wp:featuredmedia":[{"embeddable":true,"href":"https:\/\/fence2go.eu\/index.php\/wp-json\/wp\/v2\/media\/988"}],"wp:attachment":[{"href":"https:\/\/fence2go.eu\/index.php\/wp-json\/wp\/v2\/media?parent=987"}],"curies":[{"name":"wp","href":"https:\/\/api.w.org\/{rel}","templated":true}]}}